{"id":38602,"date":"2023-04-25T08:03:00","date_gmt":"2023-04-25T08:03:00","guid":{"rendered":"https:\/\/smartmessage.com\/get-a-demo\/"},"modified":"2024-04-15T10:56:53","modified_gmt":"2024-04-15T10:56:53","slug":"hemen-basla","status":"publish","type":"page","link":"https:\/\/smartmessage.com\/tr\/hemen-basla\/","title":{"rendered":"Hemen Ba\u015fla"},"content":{"rendered":"[vc_row type=&#8221;in_container&#8221; full_screen_row_position=&#8221;middle&#8221; column_margin=&#8221;default&#8221; column_direction=&#8221;default&#8221; column_direction_tablet=&#8221;default&#8221; column_direction_phone=&#8221;default&#8221; scene_position=&#8221;center&#8221; text_color=&#8221;dark&#8221; text_align=&#8221;left&#8221; row_border_radius=&#8221;none&#8221; row_border_radius_applies=&#8221;bg&#8221; overflow=&#8221;visible&#8221; overlay_strength=&#8221;0.3&#8243; gradient_direction=&#8221;left_to_right&#8221; shape_divider_position=&#8221;bottom&#8221; bg_image_animation=&#8221;none&#8221;][vc_column column_padding=&#8221;no-extra-padding&#8221; column_padding_tablet=&#8221;inherit&#8221; column_padding_phone=&#8221;inherit&#8221; column_padding_position=&#8221;all&#8221; column_element_direction_desktop=&#8221;default&#8221; column_element_spacing=&#8221;default&#8221; desktop_text_alignment=&#8221;default&#8221; tablet_text_alignment=&#8221;default&#8221; phone_text_alignment=&#8221;default&#8221; background_color_opacity=&#8221;1&#8243; background_hover_color_opacity=&#8221;1&#8243; column_backdrop_filter=&#8221;none&#8221; column_shadow=&#8221;none&#8221; column_border_radius=&#8221;none&#8221; column_link_target=&#8221;_self&#8221; column_position=&#8221;default&#8221; gradient_direction=&#8221;left_to_right&#8221; overlay_strength=&#8221;0.3&#8243; width=&#8221;1\/1&#8243; tablet_width_inherit=&#8221;default&#8221; animation_type=&#8221;default&#8221; bg_image_animation=&#8221;none&#8221; border_type=&#8221;simple&#8221; column_border_width=&#8221;none&#8221; column_border_style=&#8221;solid&#8221;][vc_row_inner column_margin=&#8221;default&#8221; column_direction=&#8221;default&#8221; column_direction_tablet=&#8221;default&#8221; column_direction_phone=&#8221;default&#8221; bottom_padding=&#8221;2%&#8221; left_padding_desktop=&#8221;20%&#8221; constrain_group_2=&#8221;yes&#8221; right_padding_desktop=&#8221;20%&#8221; left_padding_phone=&#8221;5%&#8221; constrain_group_6=&#8221;yes&#8221; right_padding_phone=&#8221;5%&#8221; text_align=&#8221;left&#8221; row_position=&#8221;default&#8221; row_position_tablet=&#8221;inherit&#8221; row_position_phone=&#8221;inherit&#8221; overflow=&#8221;visible&#8221; pointer_events=&#8221;all&#8221;][vc_column_inner column_padding=&#8221;no-extra-padding&#8221; column_padding_tablet=&#8221;inherit&#8221; column_padding_phone=&#8221;inherit&#8221; column_padding_position=&#8221;all&#8221; column_element_direction_desktop=&#8221;default&#8221; column_element_spacing=&#8221;default&#8221; desktop_text_alignment=&#8221;default&#8221; tablet_text_alignment=&#8221;default&#8221; phone_text_alignment=&#8221;default&#8221; background_color_opacity=&#8221;1&#8243; background_hover_color_opacity=&#8221;1&#8243; column_backdrop_filter=&#8221;none&#8221; column_shadow=&#8221;none&#8221; column_border_radius=&#8221;none&#8221; column_link_target=&#8221;_self&#8221; overflow=&#8221;visible&#8221; gradient_direction=&#8221;left_to_right&#8221; overlay_strength=&#8221;0.3&#8243; width=&#8221;1\/1&#8243; tablet_width_inherit=&#8221;default&#8221; animation_type=&#8221;default&#8221; bg_image_animation=&#8221;none&#8221; border_type=&#8221;simple&#8221; column_border_width=&#8221;none&#8221; column_border_style=&#8221;solid&#8221;][nectar_highlighted_text scribble_color=&#8221;#faad14&#8243; style=&#8221;scribble&#8221; scribble_shape=&#8221;basic-underline&#8221; scribble_thickness=&#8221;regular&#8221; scribble_speed=&#8221;0s&#8221; scribble_easing=&#8221;ease_in_out&#8221; disable_mobile_animation=&#8221;true&#8221; custom_font_size=&#8221;5vw&#8221; font_size_tablet=&#8221;7vw&#8221; font_line_height=&#8221;1.1em&#8221;]\n<h1 style=\"text-align: center;\">Hemen <em>ba\u015fla<\/em>.<\/h1>\n[\/nectar_highlighted_text][nectar_highlighted_text style=&#8221;none&#8221;]\n<h3 style=\"text-align: center;\">Sizinle ileti\u015fimi ge\u00e7elim. G\u00fc\u00e7l\u00fc \u00f6zelliklerimizi ilk elden deneyimleyin ve m\u00fc\u015fterilerinizle etkile\u015fim kurma \u015feklinizi d\u00f6n\u00fc\u015ft\u00fcrmeye ba\u015flay\u0131n.<\/h3>\n[\/nectar_highlighted_text][\/vc_column_inner][\/vc_row_inner][vc_row_inner column_margin=&#8221;default&#8221; column_direction=&#8221;default&#8221; column_direction_tablet=&#8221;default&#8221; column_direction_phone=&#8221;default&#8221; text_align=&#8221;left&#8221; row_position=&#8221;default&#8221; row_position_tablet=&#8221;inherit&#8221; row_position_phone=&#8221;inherit&#8221; overflow=&#8221;visible&#8221; pointer_events=&#8221;all&#8221;][vc_column_inner column_padding=&#8221;padding-10-percent&#8221; column_padding_tablet=&#8221;inherit&#8221; column_padding_phone=&#8221;inherit&#8221; column_padding_position=&#8221;all&#8221; column_element_direction_desktop=&#8221;default&#8221; column_element_spacing=&#8221;default&#8221; desktop_text_alignment=&#8221;default&#8221; tablet_text_alignment=&#8221;default&#8221; phone_text_alignment=&#8221;default&#8221; background_color_opacity=&#8221;1&#8243; background_hover_color_opacity=&#8221;1&#8243; column_backdrop_filter=&#8221;none&#8221; column_shadow=&#8221;none&#8221; column_border_radius=&#8221;20px&#8221; column_link_target=&#8221;_self&#8221; overflow=&#8221;hidden&#8221; advanced_gradient=&#8221;radial-gradient(circle at bottom, rgb(24, 58, 130) 0%, rgb(35, 156, 247) 75%)&#8221; advanced_gradient_radial_position=&#8221;bottom&#8221; width=&#8221;1\/1&#8243; tablet_width_inherit=&#8221;default&#8221; animation_type=&#8221;default&#8221; enable_animation=&#8221;true&#8221; animation=&#8221;mask-reveal&#8221; animation_mask_direction=&#8221;left&#8221; animation_mask_shape=&#8221;straight&#8221; mobile_disable_entrance_animation=&#8221;true&#8221; animation_easing=&#8221;easeInOutCubic&#8221; bg_image_animation=&#8221;none&#8221; border_type=&#8221;simple&#8221; column_border_width=&#8221;none&#8221; column_border_style=&#8221;solid&#8221; gradient_type=&#8221;advanced&#8221; column_padding_type=&#8221;default&#8221; advanced_gradient_display_type=&#8221;radial&#8221;][nectar_animated_shape shape_color=&#8221;#faad14&#8243; width_desktop=&#8221;77vw&#8221; width_tablet=&#8221;154vw&#8221; animation=&#8221;grow-in&#8221; animation_disable_mobile=&#8221;true&#8221; animation_easing=&#8221;easeInOutCubic&#8221; animation_movement_type=&#8221;transform_y&#8221; position_desktop=&#8221;absolute&#8221; top_position_desktop=&#8221;0&#8243; left_position_desktop=&#8221;0&#8243; translate_y_desktop=&#8221;-50%&#8221; translate_x_desktop=&#8221;-50%&#8221; zindex=&#8221;-1&#8243; animation_delay=&#8221;30&#8243;][vc_raw_html]JTNDc2NyaXB0JTIwY2hhcnNldCUzRCUyMnV0Zi04JTIyJTIwdHlwZSUzRCUyMnRleHQlMkZqYXZhc2NyaXB0JTIyJTIwc3JjJTNEJTIyJTJGJTJGanMtZXUxLmhzZm9ybXMubmV0JTJGZm9ybXMlMkZlbWJlZCUyRnYyLmpzJTIyJTNFJTNDJTJGc2NyaXB0JTNFJTBBJTNDc2NyaXB0JTNFJTBBJTIwJTIwaGJzcHQuZm9ybXMuY3JlYXRlJTI4JTdCJTBBJTIwJTIwJTIwJTIwcmVnaW9uJTNBJTIwJTIyZXUxJTIyJTJDJTBBJTIwJTIwJTIwJTIwcG9ydGFsSWQlM0ElMjAlMjIyNTMyNDMwNiUyMiUyQyUwQSUyMCUyMCUyMCUyMGZvcm1JZCUzQSUyMCUyMmRiYjUxNDc0LTQxZjEtNGMxZS1iMTc1LWIzOWE2YzM2NWNiOSUyMiUwQSUyMCUyMCU3RCUyOSUzQiUwQSUzQyUyRnNjcmlwdCUzRQ==[\/vc_raw_html][\/vc_column_inner][\/vc_row_inner][\/vc_column][\/vc_row][vc_row type=&#8221;in_container&#8221; full_screen_row_position=&#8221;middle&#8221; column_margin=&#8221;default&#8221; column_direction=&#8221;default&#8221; column_direction_tablet=&#8221;default&#8221; column_direction_phone=&#8221;default&#8221; scene_position=&#8221;center&#8221; text_color=&#8221;dark&#8221; text_align=&#8221;left&#8221; row_border_radius=&#8221;none&#8221; row_border_radius_applies=&#8221;bg&#8221; overflow=&#8221;visible&#8221; overlay_strength=&#8221;0.3&#8243; gradient_direction=&#8221;left_to_right&#8221; shape_divider_position=&#8221;bottom&#8221; bg_image_animation=&#8221;none&#8221;][vc_column column_padding=&#8221;no-extra-padding&#8221; column_padding_tablet=&#8221;inherit&#8221; column_padding_phone=&#8221;inherit&#8221; column_padding_position=&#8221;all&#8221; column_element_direction_desktop=&#8221;default&#8221; column_element_spacing=&#8221;default&#8221; desktop_text_alignment=&#8221;default&#8221; tablet_text_alignment=&#8221;default&#8221; phone_text_alignment=&#8221;default&#8221; background_color_opacity=&#8221;1&#8243; background_hover_color_opacity=&#8221;1&#8243; column_backdrop_filter=&#8221;none&#8221; column_shadow=&#8221;none&#8221; column_border_radius=&#8221;none&#8221; column_link_target=&#8221;_self&#8221; column_position=&#8221;default&#8221; gradient_direction=&#8221;left_to_right&#8221; overlay_strength=&#8221;0.3&#8243; width=&#8221;1\/1&#8243; tablet_width_inherit=&#8221;default&#8221; animation_type=&#8221;default&#8221; bg_image_animation=&#8221;none&#8221; border_type=&#8221;simple&#8221; column_border_width=&#8221;none&#8221; column_border_style=&#8221;solid&#8221;][vc_row_inner column_margin=&#8221;default&#8221; column_direction=&#8221;default&#8221; column_direction_tablet=&#8221;default&#8221; column_direction_phone=&#8221;default&#8221; text_align=&#8221;left&#8221; row_position=&#8221;default&#8221; row_position_tablet=&#8221;inherit&#8221; row_position_phone=&#8221;inherit&#8221; overflow=&#8221;visible&#8221; pointer_events=&#8221;all&#8221;][vc_column_inner column_padding=&#8221;no-extra-padding&#8221; column_padding_tablet=&#8221;inherit&#8221; column_padding_phone=&#8221;inherit&#8221; column_padding_position=&#8221;all&#8221; column_element_direction_desktop=&#8221;default&#8221; column_element_spacing=&#8221;default&#8221; desktop_text_alignment=&#8221;default&#8221; tablet_text_alignment=&#8221;default&#8221; phone_text_alignment=&#8221;default&#8221; background_color_opacity=&#8221;1&#8243; background_hover_color_opacity=&#8221;1&#8243; column_backdrop_filter=&#8221;none&#8221; column_shadow=&#8221;none&#8221; column_border_radius=&#8221;none&#8221; column_link_target=&#8221;_self&#8221; overflow=&#8221;visible&#8221; gradient_direction=&#8221;left_to_right&#8221; overlay_strength=&#8221;0.3&#8243; width=&#8221;1\/1&#8243; tablet_width_inherit=&#8221;default&#8221; animation_type=&#8221;default&#8221; bg_image_animation=&#8221;none&#8221; border_type=&#8221;simple&#8221; column_border_width=&#8221;none&#8221; column_border_style=&#8221;solid&#8221; column_padding_type=&#8221;default&#8221; gradient_type=&#8221;default&#8221;][clients columns=&#8221;4&#8243; hover_effect=&#8221;greyscale_to_color&#8221; additional_padding=&#8221;2&#8243;][client image=&#8221;35274&#8243; url_target=&#8221;_blank&#8221; title=&#8221;Client&#8221; id=&#8221;1681464044476-1&#8243; url=&#8221;#&#8221; name=&#8221;elevate&#8221; tab_id=&#8221;1681464044477-9&#8243;][vc_column_text][\/vc_column_text][\/client][client image=&#8221;35271&#8243; url_target=&#8221;_blank&#8221; title=&#8221;Client&#8221; id=&#8221;1681464044495-9&#8243; url=&#8221;#&#8221; name=&#8221;harper&#8221; tab_id=&#8221;1681464044495-6&#8243;][vc_column_text][\/vc_column_text][\/client][client image=&#8221;35270&#8243; url_target=&#8221;_blank&#8221; title=&#8221;Client&#8221; id=&#8221;1681464044510-1&#8243; url=&#8221;#&#8221; name=&#8221;waveform&#8221; tab_id=&#8221;1681464044511-3&#8243;][vc_column_text][\/vc_column_text][\/client][client image=&#8221;35272&#8243; url_target=&#8221;_blank&#8221; title=&#8221;Client&#8221; id=&#8221;1681464044523-10&#8243; url=&#8221;#&#8221; name=&#8221;brooklyn&#8221; tab_id=&#8221;1681464044524-4&#8243;][vc_column_text][\/vc_column_text][\/client][\/clients][\/vc_column_inner][\/vc_row_inner][\/vc_column][\/vc_row]\n","protected":false},"excerpt":{"rendered":"<p>[vc_row type=&#8221;in_container&#8221; full_screen_row_position=&#8221;middle&#8221; column_margin=&#8221;default&#8221; column_direction=&#8221;default&#8221; column_direction_tablet=&#8221;default&#8221; column_direction_phone=&#8221;default&#8221; scene_position=&#8221;center&#8221; text_color=&#8221;dark&#8221; text_align=&#8221;left&#8221; row_border_radius=&#8221;none&#8221; row_border_radius_applies=&#8221;bg&#8221; overflow=&#8221;visible&#8221; overlay_strength=&#8221;0.3&#8243; gradient_direction=&#8221;left_to_right&#8221;&#8230;<\/p>\n","protected":false},"author":3,"featured_media":0,"parent":0,"menu_order":0,"comment_status":"closed","ping_status":"closed","template":"","meta":{"content-type":"","footnotes":""},"class_list":["post-38602","page","type-page","status-publish"],"yoast_head":"<!-- This site is optimized with the Yoast SEO plugin v24.2 - https:\/\/yoast.com\/wordpress\/plugins\/seo\/ -->\n<title>SmartMessage&#039;\u0131n Pazarlama D\u00fcnyas\u0131 \u0130le Tan\u0131\u015f\u0131n! | SmartMessage<\/title>\n<meta name=\"description\" content=\"SmartMessage&#039;\u0131n g\u00fc\u00e7l\u00fc \u00f6zelliklerini ilk elden deneyimlemeniz i\u00e7in sizinle ileti\u015fime ge\u00e7elim!\" \/>\n<meta name=\"robots\" content=\"index, follow, max-snippet:-1, max-image-preview:large, max-video-preview:-1\" \/>\n<link rel=\"canonical\" href=\"https:\/\/smartmessage.com\/tr\/hemen-basla\/\" \/>\n<meta property=\"og:locale\" content=\"tr_TR\" \/>\n<meta property=\"og:type\" content=\"article\" \/>\n<meta property=\"og:title\" content=\"SmartMessage&#039;\u0131n Pazarlama D\u00fcnyas\u0131 \u0130le Tan\u0131\u015f\u0131n! | SmartMessage\" \/>\n<meta property=\"og:description\" content=\"SmartMessage&#039;\u0131n g\u00fc\u00e7l\u00fc \u00f6zelliklerini ilk elden deneyimlemeniz i\u00e7in sizinle ileti\u015fime ge\u00e7elim!\" \/>\n<meta property=\"og:url\" content=\"https:\/\/smartmessage.com\/tr\/hemen-basla\/\" \/>\n<meta property=\"og:site_name\" content=\"SmartMessage\" \/>\n<meta property=\"article:modified_time\" content=\"2024-04-15T10:56:53+00:00\" \/>\n<meta name=\"twitter:card\" content=\"summary_large_image\" \/>\n<meta name=\"twitter:label1\" content=\"Tahmini okuma s\u00fcresi\" \/>\n\t<meta name=\"twitter:data1\" content=\"2 dakika\" \/>\n<script type=\"application\/ld+json\" class=\"yoast-schema-graph\">{\"@context\":\"https:\/\/schema.org\",\"@graph\":[{\"@type\":\"WebPage\",\"@id\":\"https:\/\/smartmessage.com\/tr\/hemen-basla\/\",\"url\":\"https:\/\/smartmessage.com\/tr\/hemen-basla\/\",\"name\":\"SmartMessage'\u0131n Pazarlama D\u00fcnyas\u0131 \u0130le Tan\u0131\u015f\u0131n! | SmartMessage\",\"isPartOf\":{\"@id\":\"https:\/\/smartmessage.com\/#website\"},\"datePublished\":\"2023-04-25T08:03:00+00:00\",\"dateModified\":\"2024-04-15T10:56:53+00:00\",\"description\":\"SmartMessage'\u0131n g\u00fc\u00e7l\u00fc \u00f6zelliklerini ilk elden deneyimlemeniz i\u00e7in sizinle ileti\u015fime ge\u00e7elim!\",\"breadcrumb\":{\"@id\":\"https:\/\/smartmessage.com\/tr\/hemen-basla\/#breadcrumb\"},\"inLanguage\":\"tr\",\"potentialAction\":[{\"@type\":\"ReadAction\",\"target\":[\"https:\/\/smartmessage.com\/tr\/hemen-basla\/\"]}]},{\"@type\":\"BreadcrumbList\",\"@id\":\"https:\/\/smartmessage.com\/tr\/hemen-basla\/#breadcrumb\",\"itemListElement\":[{\"@type\":\"ListItem\",\"position\":1,\"name\":\"Home\",\"item\":\"https:\/\/smartmessage.com\/tr\/\"},{\"@type\":\"ListItem\",\"position\":2,\"name\":\"Hemen Ba\u015fla\"}]},{\"@type\":\"WebSite\",\"@id\":\"https:\/\/smartmessage.com\/#website\",\"url\":\"https:\/\/smartmessage.com\/\",\"name\":\"SmartMessage\",\"description\":\"Omnichannel Marketing and Customer Experience\",\"publisher\":{\"@id\":\"https:\/\/smartmessage.com\/#organization\"},\"potentialAction\":[{\"@type\":\"SearchAction\",\"target\":{\"@type\":\"EntryPoint\",\"urlTemplate\":\"https:\/\/smartmessage.com\/?s={search_term_string}\"},\"query-input\":{\"@type\":\"PropertyValueSpecification\",\"valueRequired\":true,\"valueName\":\"search_term_string\"}}],\"inLanguage\":\"tr\"},{\"@type\":\"Organization\",\"@id\":\"https:\/\/smartmessage.com\/#organization\",\"name\":\"SmartMessage\",\"url\":\"https:\/\/smartmessage.com\/\",\"logo\":{\"@type\":\"ImageObject\",\"inLanguage\":\"tr\",\"@id\":\"https:\/\/smartmessage.com\/#\/schema\/logo\/image\/\",\"url\":\"https:\/\/smartmessage.com\/wp-content\/uploads\/2023\/02\/smartmessage-logo-white.png\",\"contentUrl\":\"https:\/\/smartmessage.com\/wp-content\/uploads\/2023\/02\/smartmessage-logo-white.png\",\"width\":2000,\"height\":499,\"caption\":\"SmartMessage\"},\"image\":{\"@id\":\"https:\/\/smartmessage.com\/#\/schema\/logo\/image\/\"}}]}<\/script>\n<!-- \/ Yoast SEO plugin. -->","yoast_head_json":{"title":"SmartMessage'\u0131n Pazarlama D\u00fcnyas\u0131 \u0130le Tan\u0131\u015f\u0131n! | SmartMessage","description":"SmartMessage'\u0131n g\u00fc\u00e7l\u00fc \u00f6zelliklerini ilk elden deneyimlemeniz i\u00e7in sizinle ileti\u015fime ge\u00e7elim!","robots":{"index":"index","follow":"follow","max-snippet":"max-snippet:-1","max-image-preview":"max-image-preview:large","max-video-preview":"max-video-preview:-1"},"canonical":"https:\/\/smartmessage.com\/tr\/hemen-basla\/","og_locale":"tr_TR","og_type":"article","og_title":"SmartMessage'\u0131n Pazarlama D\u00fcnyas\u0131 \u0130le Tan\u0131\u015f\u0131n! | SmartMessage","og_description":"SmartMessage'\u0131n g\u00fc\u00e7l\u00fc \u00f6zelliklerini ilk elden deneyimlemeniz i\u00e7in sizinle ileti\u015fime ge\u00e7elim!","og_url":"https:\/\/smartmessage.com\/tr\/hemen-basla\/","og_site_name":"SmartMessage","article_modified_time":"2024-04-15T10:56:53+00:00","twitter_card":"summary_large_image","twitter_misc":{"Tahmini okuma s\u00fcresi":"2 dakika"},"schema":{"@context":"https:\/\/schema.org","@graph":[{"@type":"WebPage","@id":"https:\/\/smartmessage.com\/tr\/hemen-basla\/","url":"https:\/\/smartmessage.com\/tr\/hemen-basla\/","name":"SmartMessage'\u0131n Pazarlama D\u00fcnyas\u0131 \u0130le Tan\u0131\u015f\u0131n! | SmartMessage","isPartOf":{"@id":"https:\/\/smartmessage.com\/#website"},"datePublished":"2023-04-25T08:03:00+00:00","dateModified":"2024-04-15T10:56:53+00:00","description":"SmartMessage'\u0131n g\u00fc\u00e7l\u00fc \u00f6zelliklerini ilk elden deneyimlemeniz i\u00e7in sizinle ileti\u015fime ge\u00e7elim!","breadcrumb":{"@id":"https:\/\/smartmessage.com\/tr\/hemen-basla\/#breadcrumb"},"inLanguage":"tr","potentialAction":[{"@type":"ReadAction","target":["https:\/\/smartmessage.com\/tr\/hemen-basla\/"]}]},{"@type":"BreadcrumbList","@id":"https:\/\/smartmessage.com\/tr\/hemen-basla\/#breadcrumb","itemListElement":[{"@type":"ListItem","position":1,"name":"Home","item":"https:\/\/smartmessage.com\/tr\/"},{"@type":"ListItem","position":2,"name":"Hemen Ba\u015fla"}]},{"@type":"WebSite","@id":"https:\/\/smartmessage.com\/#website","url":"https:\/\/smartmessage.com\/","name":"SmartMessage","description":"Omnichannel Marketing and Customer Experience","publisher":{"@id":"https:\/\/smartmessage.com\/#organization"},"potentialAction":[{"@type":"SearchAction","target":{"@type":"EntryPoint","urlTemplate":"https:\/\/smartmessage.com\/?s={search_term_string}"},"query-input":{"@type":"PropertyValueSpecification","valueRequired":true,"valueName":"search_term_string"}}],"inLanguage":"tr"},{"@type":"Organization","@id":"https:\/\/smartmessage.com\/#organization","name":"SmartMessage","url":"https:\/\/smartmessage.com\/","logo":{"@type":"ImageObject","inLanguage":"tr","@id":"https:\/\/smartmessage.com\/#\/schema\/logo\/image\/","url":"https:\/\/smartmessage.com\/wp-content\/uploads\/2023\/02\/smartmessage-logo-white.png","contentUrl":"https:\/\/smartmessage.com\/wp-content\/uploads\/2023\/02\/smartmessage-logo-white.png","width":2000,"height":499,"caption":"SmartMessage"},"image":{"@id":"https:\/\/smartmessage.com\/#\/schema\/logo\/image\/"}}]}},"_links":{"self":[{"href":"https:\/\/smartmessage.com\/tr\/wp-json\/wp\/v2\/pages\/38602","targetHints":{"allow":["GET"]}}],"collection":[{"href":"https:\/\/smartmessage.com\/tr\/wp-json\/wp\/v2\/pages"}],"about":[{"href":"https:\/\/smartmessage.com\/tr\/wp-json\/wp\/v2\/types\/page"}],"author":[{"embeddable":true,"href":"https:\/\/smartmessage.com\/tr\/wp-json\/wp\/v2\/users\/3"}],"replies":[{"embeddable":true,"href":"https:\/\/smartmessage.com\/tr\/wp-json\/wp\/v2\/comments?post=38602"}],"version-history":[{"count":12,"href":"https:\/\/smartmessage.com\/tr\/wp-json\/wp\/v2\/pages\/38602\/revisions"}],"predecessor-version":[{"id":41141,"href":"https:\/\/smartmessage.com\/tr\/wp-json\/wp\/v2\/pages\/38602\/revisions\/41141"}],"wp:attachment":[{"href":"https:\/\/smartmessage.com\/tr\/wp-json\/wp\/v2\/media?parent=38602"}],"curies":[{"name":"wp","href":"https:\/\/api.w.org\/{rel}","templated":true}]}}