{"id":39140,"date":"2023-05-24T11:27:53","date_gmt":"2023-05-24T11:27:53","guid":{"rendered":"https:\/\/smartmessage.com\/gizlilik-ve-kullanim\/"},"modified":"2023-11-22T12:27:20","modified_gmt":"2023-11-22T12:27:20","slug":"gizlilik-ve-kullanim","status":"publish","type":"page","link":"https:\/\/smartmessage.com\/tr\/gizlilik-ve-kullanim\/","title":{"rendered":"Gizlilik ve Kullan\u0131m"},"content":{"rendered":"[vc_row type=&#8221;full_width_background&#8221; full_screen_row_position=&#8221;middle&#8221; column_margin=&#8221;default&#8221; column_direction=&#8221;default&#8221; column_direction_tablet=&#8221;default&#8221; column_direction_phone=&#8221;default&#8221; bg_color=&#8221;#0a0a0a&#8221; animated_gradient_bg=&#8221;true&#8221; animated_gradient_bg_color_1=&#8221;#d8272f&#8221; animated_gradient_bg_color_2=&#8221;#000000&#8243; animated_gradient_bg_speed=&#8221;250&#8243; animated_gradient_bg_blending_mode=&#8221;organic&#8221; scene_position=&#8221;center&#8221; top_padding=&#8221;5%&#8221; bottom_padding=&#8221;10%&#8221; text_color=&#8221;light&#8221; text_align=&#8221;left&#8221; row_border_radius=&#8221;none&#8221; row_border_radius_applies=&#8221;bg&#8221; overflow=&#8221;visible&#8221; overlay_strength=&#8221;0.8&#8243; gradient_direction=&#8221;left_t_to_right_b&#8221; shape_divider_position=&#8221;bottom&#8221; bg_image_animation=&#8221;none&#8221; gradient_type=&#8221;default&#8221; shape_type=&#8221;&#8221;][vc_column column_padding=&#8221;no-extra-padding&#8221; column_padding_tablet=&#8221;inherit&#8221; column_padding_phone=&#8221;inherit&#8221; column_padding_position=&#8221;all&#8221; column_element_direction_desktop=&#8221;default&#8221; column_element_spacing=&#8221;default&#8221; desktop_text_alignment=&#8221;default&#8221; tablet_text_alignment=&#8221;default&#8221; phone_text_alignment=&#8221;default&#8221; background_color_opacity=&#8221;1&#8243; background_hover_color_opacity=&#8221;1&#8243; column_backdrop_filter=&#8221;none&#8221; column_shadow=&#8221;none&#8221; column_border_radius=&#8221;none&#8221; column_link_target=&#8221;_self&#8221; column_position=&#8221;default&#8221; gradient_direction=&#8221;left_to_right&#8221; overlay_strength=&#8221;0.3&#8243; width=&#8221;1\/1&#8243; tablet_width_inherit=&#8221;default&#8221; animation_type=&#8221;default&#8221; enable_animation=&#8221;true&#8221; animation=&#8221;fade-in-from-bottom&#8221; animation_easing=&#8221;default&#8221; bg_image_animation=&#8221;none&#8221; border_type=&#8221;simple&#8221; column_border_width=&#8221;none&#8221; column_border_style=&#8221;solid&#8221;][vc_row_inner column_margin=&#8221;default&#8221; column_direction=&#8221;default&#8221; column_direction_tablet=&#8221;default&#8221; column_direction_phone=&#8221;default&#8221; text_align=&#8221;left&#8221; row_position=&#8221;default&#8221; row_position_tablet=&#8221;inherit&#8221; row_position_phone=&#8221;inherit&#8221; overflow=&#8221;visible&#8221; pointer_events=&#8221;all&#8221;][vc_column_inner column_padding=&#8221;no-extra-padding&#8221; column_padding_tablet=&#8221;inherit&#8221; column_padding_phone=&#8221;inherit&#8221; column_padding_position=&#8221;all&#8221; column_element_direction_desktop=&#8221;default&#8221; column_element_spacing=&#8221;default&#8221; centered_text=&#8221;true&#8221; desktop_text_alignment=&#8221;default&#8221; tablet_text_alignment=&#8221;default&#8221; phone_text_alignment=&#8221;default&#8221; background_color_opacity=&#8221;1&#8243; background_hover_color_opacity=&#8221;1&#8243; column_backdrop_filter=&#8221;none&#8221; column_shadow=&#8221;none&#8221; column_border_radius=&#8221;none&#8221; column_link_target=&#8221;_self&#8221; overflow=&#8221;visible&#8221; gradient_direction=&#8221;left_to_right&#8221; overlay_strength=&#8221;0.3&#8243; width=&#8221;1\/1&#8243; tablet_width_inherit=&#8221;default&#8221; animation_type=&#8221;default&#8221; enable_animation=&#8221;true&#8221; animation=&#8221;fade-in-from-bottom&#8221; animation_easing=&#8221;default&#8221; bg_image_animation=&#8221;none&#8221; border_type=&#8221;simple&#8221; column_border_width=&#8221;none&#8221; column_border_style=&#8221;solid&#8221;][vc_column_text css=&#8221;.vc_custom_1684928402143{margin-top: -8px !important;margin-bottom: -8px !important;}&#8221;]\n<h1 class=\"tac__title\" data-test-id=\"tac-title\">Gizlilik ve Kullan\u0131m<\/h1>\n[\/vc_column_text][\/vc_column_inner][\/vc_row_inner][vc_row_inner column_margin=&#8221;default&#8221; column_direction=&#8221;default&#8221; column_direction_tablet=&#8221;default&#8221; column_direction_phone=&#8221;default&#8221; text_align=&#8221;left&#8221; row_position=&#8221;default&#8221; row_position_tablet=&#8221;inherit&#8221; row_position_phone=&#8221;inherit&#8221; overflow=&#8221;visible&#8221; pointer_events=&#8221;all&#8221;][vc_column_inner column_padding=&#8221;no-extra-padding&#8221; column_padding_tablet=&#8221;inherit&#8221; column_padding_phone=&#8221;inherit&#8221; column_padding_position=&#8221;all&#8221; column_element_direction_desktop=&#8221;default&#8221; column_element_spacing=&#8221;default&#8221; desktop_text_alignment=&#8221;default&#8221; tablet_text_alignment=&#8221;default&#8221; phone_text_alignment=&#8221;default&#8221; background_color_opacity=&#8221;1&#8243; background_hover_color_opacity=&#8221;1&#8243; column_backdrop_filter=&#8221;none&#8221; column_shadow=&#8221;none&#8221; column_border_radius=&#8221;none&#8221; column_link_target=&#8221;_self&#8221; overflow=&#8221;visible&#8221; gradient_direction=&#8221;left_to_right&#8221; overlay_strength=&#8221;0.3&#8243; width=&#8221;1\/1&#8243; tablet_width_inherit=&#8221;default&#8221; animation_type=&#8221;default&#8221; enable_animation=&#8221;true&#8221; animation=&#8221;fade-in-from-bottom&#8221; animation_easing=&#8221;default&#8221; bg_image_animation=&#8221;none&#8221; border_type=&#8221;simple&#8221; column_border_width=&#8221;none&#8221; column_border_style=&#8221;solid&#8221; delay=&#8221;50&#8243;][vc_custom_heading text=&#8221;Size ve gizlili\u011finize de\u011fer veriyoruz. L\u00fctfen bu sayfadaki t\u00fcm belgeleri okudu\u011funuzdan emin olun.&#8221; font_container=&#8221;tag:h2|font_size:24|text_align:center|color:rgba(255%2C255%2C255%2C0.65)&#8221; use_theme_fonts=&#8221;yes&#8221; css_animation=&#8221;none&#8221;][\/vc_column_inner][\/vc_row_inner][vc_row_inner column_margin=&#8221;default&#8221; column_direction=&#8221;default&#8221; column_direction_tablet=&#8221;default&#8221; column_direction_phone=&#8221;default&#8221; top_padding=&#8221;5%&#8221; text_align=&#8221;left&#8221; row_position=&#8221;default&#8221; row_position_tablet=&#8221;inherit&#8221; row_position_phone=&#8221;inherit&#8221; overflow=&#8221;visible&#8221; pointer_events=&#8221;all&#8221;][vc_column_inner column_padding=&#8221;no-extra-padding&#8221; column_padding_tablet=&#8221;inherit&#8221; column_padding_phone=&#8221;inherit&#8221; column_padding_position=&#8221;all&#8221; column_element_direction_desktop=&#8221;default&#8221; column_element_spacing=&#8221;default&#8221; desktop_text_alignment=&#8221;default&#8221; tablet_text_alignment=&#8221;default&#8221; phone_text_alignment=&#8221;default&#8221; background_color_opacity=&#8221;1&#8243; background_hover_color_opacity=&#8221;1&#8243; column_backdrop_filter=&#8221;none&#8221; column_shadow=&#8221;none&#8221; column_border_radius=&#8221;none&#8221; column_link_target=&#8221;_self&#8221; overflow=&#8221;visible&#8221; gradient_direction=&#8221;left_to_right&#8221; overlay_strength=&#8221;0.3&#8243; width=&#8221;1\/1&#8243; tablet_width_inherit=&#8221;default&#8221; animation_type=&#8221;default&#8221; enable_animation=&#8221;true&#8221; animation=&#8221;fade-in-from-bottom&#8221; animation_easing=&#8221;default&#8221; bg_image_animation=&#8221;none&#8221; border_type=&#8221;simple&#8221; column_border_width=&#8221;none&#8221; column_border_style=&#8221;solid&#8221;][nectar_horizontal_list_item columns=&#8221;1&#8243; col_1_text_align=&#8221;center&#8221; col_1_text_element=&#8221;p&#8221; font_family=&#8221;p&#8221; hover_effect=&#8221;default&#8221; hover_color=&#8221;accent-color&#8221; icon_family=&#8221;none&#8221; icon_size=&#8221;regular&#8221; col_1_content=&#8221;\u00c7erez Ayd\u0131nlatma Metni&#8221; url=&#8221;https:\/\/smartmessage.com\/tr\/cerez-politikasi\/&#8221;][nectar_horizontal_list_item columns=&#8221;1&#8243; col_1_text_align=&#8221;center&#8221; col_1_text_element=&#8221;p&#8221; font_family=&#8221;p&#8221; hover_effect=&#8221;default&#8221; hover_color=&#8221;accent-color&#8221; icon_family=&#8221;none&#8221; icon_size=&#8221;regular&#8221; col_1_content=&#8221;Ki\u015fisel Verilerin Korunmas\u0131 ve \u0130\u015flenmesine \u0130li\u015fkin Ayd\u0131nlatma Metni &#8221; url=&#8221;https:\/\/smartmessage.com\/tr\/kisisel-verilerin-korunmasi-ve-islenmesine-iliskin-aydinlatma-metni\/&#8221;][nectar_horizontal_list_item columns=&#8221;1&#8243; col_1_text_align=&#8221;center&#8221; col_1_text_element=&#8221;p&#8221; font_family=&#8221;p&#8221; hover_effect=&#8221;default&#8221; hover_color=&#8221;accent-color&#8221; icon_family=&#8221;none&#8221; icon_size=&#8221;regular&#8221; col_1_content=&#8221;Ki\u015fisel Verilerinin Korunmas\u0131 ve \u0130\u015flenmesine \u0130li\u015fkin M\u00fc\u015fterileri Ayd\u0131nlatma Metni&#8221; url=&#8221;https:\/\/smartmessage.com\/tr\/kisisel-verilerinin-korunmasi-ve-islenmesine-iliskin-musterileri-aydinlatma-metni\/&#8221;][nectar_horizontal_list_item columns=&#8221;1&#8243; col_1_text_align=&#8221;center&#8221; col_1_text_element=&#8221;p&#8221; font_family=&#8221;p&#8221; hover_effect=&#8221;default&#8221; hover_color=&#8221;accent-color&#8221; icon_family=&#8221;none&#8221; icon_size=&#8221;regular&#8221; col_1_content=&#8221;Ki\u015fisel Verilerinin Korunmas\u0131 ve \u0130\u015flenmesine \u0130li\u015fkin \u00c7al\u0131\u015fan Aday\u0131 Ayd\u0131nlatma Metni&#8221; url=&#8221;https:\/\/smartmessage.com\/tr\/kisisel-verilerinin-korunmasi-ve-islenmesine-iliskin-calisan-adayi-aydinlatma-metni\/&#8221;][nectar_horizontal_list_item columns=&#8221;1&#8243; col_1_text_align=&#8221;center&#8221; col_1_text_element=&#8221;p&#8221; font_family=&#8221;p&#8221; hover_effect=&#8221;default&#8221; hover_color=&#8221;accent-color&#8221; icon_family=&#8221;none&#8221; icon_size=&#8221;regular&#8221; col_1_content=&#8221;Ki\u015fisel Verilerin Korunmas\u0131 ve \u0130\u015flenmesine \u0130li\u015fkin \u00c7al\u0131\u015fan Ayd\u0131nlatma Metni&#8221; url=&#8221;https:\/\/smartmessage.com\/tr\/kisisel-verilerin-korunmasi-ve-islenmesi-iliskin-calisan-aydinlatma-metni\/&#8221;][nectar_horizontal_list_item columns=&#8221;1&#8243; col_1_text_align=&#8221;center&#8221; col_1_text_element=&#8221;p&#8221; font_family=&#8221;p&#8221; hover_effect=&#8221;default&#8221; hover_color=&#8221;accent-color&#8221; icon_family=&#8221;none&#8221; icon_size=&#8221;regular&#8221; col_1_content=&#8221;Ki\u015fisel Verilerin Korunmas\u0131 ve \u0130\u015flenmesine \u0130li\u015fkin Etkinlik Kat\u0131l\u0131mc\u0131lar\u0131 Ayd\u0131nlatma Metni&#8221; url=&#8221;https:\/\/smartmessage.com\/tr\/etkinlik-aydinlatma-metni\/&#8221;][nectar_horizontal_list_item columns=&#8221;1&#8243; col_1_text_align=&#8221;center&#8221; col_1_text_element=&#8221;p&#8221; font_family=&#8221;p&#8221; hover_effect=&#8221;default&#8221; hover_color=&#8221;accent-color&#8221; icon_family=&#8221;none&#8221; icon_size=&#8221;regular&#8221; col_1_content=&#8221;Ki\u015fisel Verilerin Korunmas\u0131 ve \u0130\u015flenmesine \u0130li\u015fkin \u0130\u015f Ortaklar\u0131na Y\u00f6nelik Ayd\u0131nlatma Metni&#8221; url=&#8221;https:\/\/smartmessage.com\/tr\/kisisel-verilerin-korunmasi-ve-islenmesine-iliskin-is-ortaklarina-yonelik-aydinlatma-metni\/&#8221;][\/vc_column_inner][\/vc_row_inner][\/vc_column][\/vc_row]\n","protected":false},"excerpt":{"rendered":"<p>[vc_row type=&#8221;full_width_background&#8221; full_screen_row_position=&#8221;middle&#8221; column_margin=&#8221;default&#8221; column_direction=&#8221;default&#8221; column_direction_tablet=&#8221;default&#8221; column_direction_phone=&#8221;default&#8221; bg_color=&#8221;#0a0a0a&#8221; animated_gradient_bg=&#8221;true&#8221; animated_gradient_bg_color_1=&#8221;#d8272f&#8221; animated_gradient_bg_color_2=&#8221;#000000&#8243; animated_gradient_bg_speed=&#8221;250&#8243; animated_gradient_bg_blending_mode=&#8221;organic&#8221; scene_position=&#8221;center&#8221; top_padding=&#8221;5%&#8221;&#8230;<\/p>\n","protected":false},"author":3,"featured_media":0,"parent":0,"menu_order":0,"comment_status":"closed","ping_status":"closed","template":"","meta":{"content-type":"","footnotes":""},"class_list":["post-39140","page","type-page","status-publish"],"yoast_head":"<!-- This site is optimized with the Yoast SEO plugin v24.2 - https:\/\/yoast.com\/wordpress\/plugins\/seo\/ -->\n<title>Gizlilik ve Kullan\u0131m | SmartMessage<\/title>\n<meta name=\"description\" content=\"Gizlilik ve kullan\u0131m \u015fartlar\u0131m\u0131z\u0131 a\u00e7\u0131klad\u0131\u011f\u0131m\u0131z metinlerimize ula\u015fmak i\u00e7in t\u0131klay\u0131n!\" \/>\n<meta name=\"robots\" content=\"index, follow, max-snippet:-1, max-image-preview:large, max-video-preview:-1\" \/>\n<link rel=\"canonical\" href=\"https:\/\/smartmessage.com\/tr\/gizlilik-ve-kullanim\/\" \/>\n<meta property=\"og:locale\" content=\"tr_TR\" \/>\n<meta property=\"og:type\" content=\"article\" \/>\n<meta property=\"og:title\" content=\"Gizlilik ve Kullan\u0131m | SmartMessage\" \/>\n<meta property=\"og:description\" content=\"Gizlilik ve kullan\u0131m \u015fartlar\u0131m\u0131z\u0131 a\u00e7\u0131klad\u0131\u011f\u0131m\u0131z metinlerimize ula\u015fmak i\u00e7in t\u0131klay\u0131n!\" \/>\n<meta property=\"og:url\" content=\"https:\/\/smartmessage.com\/tr\/gizlilik-ve-kullanim\/\" \/>\n<meta property=\"og:site_name\" content=\"SmartMessage\" \/>\n<meta property=\"article:modified_time\" content=\"2023-11-22T12:27:20+00:00\" \/>\n<meta name=\"twitter:card\" content=\"summary_large_image\" \/>\n<meta name=\"twitter:label1\" content=\"Tahmini okuma s\u00fcresi\" \/>\n\t<meta name=\"twitter:data1\" content=\"2 dakika\" \/>\n<script type=\"application\/ld+json\" class=\"yoast-schema-graph\">{\"@context\":\"https:\/\/schema.org\",\"@graph\":[{\"@type\":\"WebPage\",\"@id\":\"https:\/\/smartmessage.com\/tr\/gizlilik-ve-kullanim\/\",\"url\":\"https:\/\/smartmessage.com\/tr\/gizlilik-ve-kullanim\/\",\"name\":\"Gizlilik ve Kullan\u0131m | SmartMessage\",\"isPartOf\":{\"@id\":\"https:\/\/smartmessage.com\/#website\"},\"datePublished\":\"2023-05-24T11:27:53+00:00\",\"dateModified\":\"2023-11-22T12:27:20+00:00\",\"description\":\"Gizlilik ve kullan\u0131m \u015fartlar\u0131m\u0131z\u0131 a\u00e7\u0131klad\u0131\u011f\u0131m\u0131z metinlerimize ula\u015fmak i\u00e7in t\u0131klay\u0131n!\",\"breadcrumb\":{\"@id\":\"https:\/\/smartmessage.com\/tr\/gizlilik-ve-kullanim\/#breadcrumb\"},\"inLanguage\":\"tr\",\"potentialAction\":[{\"@type\":\"ReadAction\",\"target\":[\"https:\/\/smartmessage.com\/tr\/gizlilik-ve-kullanim\/\"]}]},{\"@type\":\"BreadcrumbList\",\"@id\":\"https:\/\/smartmessage.com\/tr\/gizlilik-ve-kullanim\/#breadcrumb\",\"itemListElement\":[{\"@type\":\"ListItem\",\"position\":1,\"name\":\"Home\",\"item\":\"https:\/\/smartmessage.com\/tr\/\"},{\"@type\":\"ListItem\",\"position\":2,\"name\":\"Gizlilik ve Kullan\u0131m\"}]},{\"@type\":\"WebSite\",\"@id\":\"https:\/\/smartmessage.com\/#website\",\"url\":\"https:\/\/smartmessage.com\/\",\"name\":\"SmartMessage\",\"description\":\"Omnichannel Marketing and Customer Experience\",\"publisher\":{\"@id\":\"https:\/\/smartmessage.com\/#organization\"},\"potentialAction\":[{\"@type\":\"SearchAction\",\"target\":{\"@type\":\"EntryPoint\",\"urlTemplate\":\"https:\/\/smartmessage.com\/?s={search_term_string}\"},\"query-input\":{\"@type\":\"PropertyValueSpecification\",\"valueRequired\":true,\"valueName\":\"search_term_string\"}}],\"inLanguage\":\"tr\"},{\"@type\":\"Organization\",\"@id\":\"https:\/\/smartmessage.com\/#organization\",\"name\":\"SmartMessage\",\"url\":\"https:\/\/smartmessage.com\/\",\"logo\":{\"@type\":\"ImageObject\",\"inLanguage\":\"tr\",\"@id\":\"https:\/\/smartmessage.com\/#\/schema\/logo\/image\/\",\"url\":\"https:\/\/smartmessage.com\/wp-content\/uploads\/2023\/02\/smartmessage-logo-white.png\",\"contentUrl\":\"https:\/\/smartmessage.com\/wp-content\/uploads\/2023\/02\/smartmessage-logo-white.png\",\"width\":2000,\"height\":499,\"caption\":\"SmartMessage\"},\"image\":{\"@id\":\"https:\/\/smartmessage.com\/#\/schema\/logo\/image\/\"}}]}<\/script>\n<!-- \/ Yoast SEO plugin. -->","yoast_head_json":{"title":"Gizlilik ve Kullan\u0131m | SmartMessage","description":"Gizlilik ve kullan\u0131m \u015fartlar\u0131m\u0131z\u0131 a\u00e7\u0131klad\u0131\u011f\u0131m\u0131z metinlerimize ula\u015fmak i\u00e7in t\u0131klay\u0131n!","robots":{"index":"index","follow":"follow","max-snippet":"max-snippet:-1","max-image-preview":"max-image-preview:large","max-video-preview":"max-video-preview:-1"},"canonical":"https:\/\/smartmessage.com\/tr\/gizlilik-ve-kullanim\/","og_locale":"tr_TR","og_type":"article","og_title":"Gizlilik ve Kullan\u0131m | SmartMessage","og_description":"Gizlilik ve kullan\u0131m \u015fartlar\u0131m\u0131z\u0131 a\u00e7\u0131klad\u0131\u011f\u0131m\u0131z metinlerimize ula\u015fmak i\u00e7in t\u0131klay\u0131n!","og_url":"https:\/\/smartmessage.com\/tr\/gizlilik-ve-kullanim\/","og_site_name":"SmartMessage","article_modified_time":"2023-11-22T12:27:20+00:00","twitter_card":"summary_large_image","twitter_misc":{"Tahmini okuma s\u00fcresi":"2 dakika"},"schema":{"@context":"https:\/\/schema.org","@graph":[{"@type":"WebPage","@id":"https:\/\/smartmessage.com\/tr\/gizlilik-ve-kullanim\/","url":"https:\/\/smartmessage.com\/tr\/gizlilik-ve-kullanim\/","name":"Gizlilik ve Kullan\u0131m | SmartMessage","isPartOf":{"@id":"https:\/\/smartmessage.com\/#website"},"datePublished":"2023-05-24T11:27:53+00:00","dateModified":"2023-11-22T12:27:20+00:00","description":"Gizlilik ve kullan\u0131m \u015fartlar\u0131m\u0131z\u0131 a\u00e7\u0131klad\u0131\u011f\u0131m\u0131z metinlerimize ula\u015fmak i\u00e7in t\u0131klay\u0131n!","breadcrumb":{"@id":"https:\/\/smartmessage.com\/tr\/gizlilik-ve-kullanim\/#breadcrumb"},"inLanguage":"tr","potentialAction":[{"@type":"ReadAction","target":["https:\/\/smartmessage.com\/tr\/gizlilik-ve-kullanim\/"]}]},{"@type":"BreadcrumbList","@id":"https:\/\/smartmessage.com\/tr\/gizlilik-ve-kullanim\/#breadcrumb","itemListElement":[{"@type":"ListItem","position":1,"name":"Home","item":"https:\/\/smartmessage.com\/tr\/"},{"@type":"ListItem","position":2,"name":"Gizlilik ve Kullan\u0131m"}]},{"@type":"WebSite","@id":"https:\/\/smartmessage.com\/#website","url":"https:\/\/smartmessage.com\/","name":"SmartMessage","description":"Omnichannel Marketing and Customer Experience","publisher":{"@id":"https:\/\/smartmessage.com\/#organization"},"potentialAction":[{"@type":"SearchAction","target":{"@type":"EntryPoint","urlTemplate":"https:\/\/smartmessage.com\/?s={search_term_string}"},"query-input":{"@type":"PropertyValueSpecification","valueRequired":true,"valueName":"search_term_string"}}],"inLanguage":"tr"},{"@type":"Organization","@id":"https:\/\/smartmessage.com\/#organization","name":"SmartMessage","url":"https:\/\/smartmessage.com\/","logo":{"@type":"ImageObject","inLanguage":"tr","@id":"https:\/\/smartmessage.com\/#\/schema\/logo\/image\/","url":"https:\/\/smartmessage.com\/wp-content\/uploads\/2023\/02\/smartmessage-logo-white.png","contentUrl":"https:\/\/smartmessage.com\/wp-content\/uploads\/2023\/02\/smartmessage-logo-white.png","width":2000,"height":499,"caption":"SmartMessage"},"image":{"@id":"https:\/\/smartmessage.com\/#\/schema\/logo\/image\/"}}]}},"_links":{"self":[{"href":"https:\/\/smartmessage.com\/tr\/wp-json\/wp\/v2\/pages\/39140","targetHints":{"allow":["GET"]}}],"collection":[{"href":"https:\/\/smartmessage.com\/tr\/wp-json\/wp\/v2\/pages"}],"about":[{"href":"https:\/\/smartmessage.com\/tr\/wp-json\/wp\/v2\/types\/page"}],"author":[{"embeddable":true,"href":"https:\/\/smartmessage.com\/tr\/wp-json\/wp\/v2\/users\/3"}],"replies":[{"embeddable":true,"href":"https:\/\/smartmessage.com\/tr\/wp-json\/wp\/v2\/comments?post=39140"}],"version-history":[{"count":24,"href":"https:\/\/smartmessage.com\/tr\/wp-json\/wp\/v2\/pages\/39140\/revisions"}],"predecessor-version":[{"id":40952,"href":"https:\/\/smartmessage.com\/tr\/wp-json\/wp\/v2\/pages\/39140\/revisions\/40952"}],"wp:attachment":[{"href":"https:\/\/smartmessage.com\/tr\/wp-json\/wp\/v2\/media?parent=39140"}],"curies":[{"name":"wp","href":"https:\/\/api.w.org\/{rel}","templated":true}]}}