{"id":40751,"date":"2023-10-02T13:04:38","date_gmt":"2023-10-02T13:04:38","guid":{"rendered":"https:\/\/smartmessage.com\/integrated-management-system-policy\/"},"modified":"2023-10-02T13:13:48","modified_gmt":"2023-10-02T13:13:48","slug":"entegre-yonetim-sistemi-politikasi","status":"publish","type":"page","link":"https:\/\/smartmessage.com\/tr\/entegre-yonetim-sistemi-politikasi\/","title":{"rendered":"Entegre Y\u00f6netim Sistemi Politikas\u0131"},"content":{"rendered":"[vc_row type=&#8221;full_width_background&#8221; full_screen_row_position=&#8221;middle&#8221; column_margin=&#8221;none&#8221; column_direction=&#8221;default&#8221; column_direction_tablet=&#8221;default&#8221; column_direction_phone=&#8221;default&#8221; bg_color=&#8221;#d8272f&#8221; animated_gradient_bg=&#8221;true&#8221; animated_gradient_bg_color_1=&#8221;#333333&#8243; animated_gradient_bg_speed=&#8221;1300&#8243; animated_gradient_bg_blending_mode=&#8221;linear&#8221; scene_position=&#8221;center&#8221; top_padding=&#8221;5%&#8221; constrain_group_1=&#8221;yes&#8221; bottom_padding=&#8221;5%&#8221; top_padding_tablet=&#8221;30%&#8221; constrain_group_3=&#8221;yes&#8221; bottom_padding_tablet=&#8221;30%&#8221; top_padding_phone=&#8221;40%&#8221; constrain_group_5=&#8221;yes&#8221; bottom_padding_phone=&#8221;40%&#8221; text_color=&#8221;custom&#8221; text_align=&#8221;left&#8221; row_border_radius=&#8221;none&#8221; row_border_radius_applies=&#8221;bg&#8221; overflow=&#8221;visible&#8221; color_overlay=&#8221;#000000&#8243; overlay_strength=&#8221;0.3&#8243; gradient_direction=&#8221;radial&#8221; shape_divider_color=&#8221;#ffffff&#8221; shape_divider_position=&#8221;bottom&#8221; shape_divider_height=&#8221;45%&#8221; bg_image_animation=&#8221;zoom-out&#8221; parallax_bg=&#8221;true&#8221; parallax_bg_speed=&#8221;fast&#8221; shape_type=&#8221;straight_section&#8221; gradient_type=&#8221;default&#8221;][vc_column column_padding=&#8221;no-extra-padding&#8221; column_padding_tablet=&#8221;inherit&#8221; column_padding_phone=&#8221;inherit&#8221; column_padding_position=&#8221;all&#8221; column_element_direction_desktop=&#8221;default&#8221; column_element_spacing=&#8221;0px&#8221; desktop_text_alignment=&#8221;default&#8221; tablet_text_alignment=&#8221;default&#8221; phone_text_alignment=&#8221;center&#8221; background_color_opacity=&#8221;1&#8243; background_hover_color_opacity=&#8221;1&#8243; column_backdrop_filter=&#8221;none&#8221; column_shadow=&#8221;none&#8221; column_border_radius=&#8221;none&#8221; column_link_target=&#8221;_self&#8221; column_position=&#8221;default&#8221; gradient_direction=&#8221;radial&#8221; overlay_strength=&#8221;0.3&#8243; width=&#8221;1\/1&#8243; tablet_width_inherit=&#8221;default&#8221; animation_type=&#8221;default&#8221; bg_image_animation=&#8221;zoom-out-reveal&#8221; parallax_bg=&#8221;true&#8221; parallax_bg_speed=&#8221;fast&#8221; border_type=&#8221;simple&#8221; column_border_width=&#8221;none&#8221; column_border_style=&#8221;solid&#8221;][vc_row_inner column_margin=&#8221;default&#8221; column_direction=&#8221;default&#8221; column_direction_tablet=&#8221;default&#8221; column_direction_phone=&#8221;default&#8221; text_align=&#8221;left&#8221; row_position=&#8221;default&#8221; row_position_tablet=&#8221;inherit&#8221; row_position_phone=&#8221;inherit&#8221; zindex=&#8221;20&#8243; overflow=&#8221;visible&#8221; pointer_events=&#8221;all&#8221;][vc_column_inner column_padding=&#8221;no-extra-padding&#8221; column_padding_tablet=&#8221;inherit&#8221; column_padding_phone=&#8221;inherit&#8221; column_padding_position=&#8221;all&#8221; column_element_direction_desktop=&#8221;default&#8221; column_element_spacing=&#8221;0px&#8221; desktop_text_alignment=&#8221;default&#8221; tablet_text_alignment=&#8221;default&#8221; phone_text_alignment=&#8221;default&#8221; background_color_opacity=&#8221;1&#8243; background_hover_color_opacity=&#8221;1&#8243; column_backdrop_filter=&#8221;none&#8221; font_color=&#8221;#ffffff&#8221; column_shadow=&#8221;none&#8221; column_border_radius=&#8221;none&#8221; column_link_target=&#8221;_self&#8221; overflow=&#8221;visible&#8221; gradient_direction=&#8221;left_to_right&#8221; overlay_strength=&#8221;0.3&#8243; width=&#8221;1\/1&#8243; tablet_width_inherit=&#8221;default&#8221; animation_type=&#8221;default&#8221; bg_image_animation=&#8221;none&#8221; border_type=&#8221;simple&#8221; column_border_width=&#8221;none&#8221; column_border_style=&#8221;solid&#8221;][split_line_heading animation_type=&#8221;line-reveal-by-space&#8221; font_style=&#8221;h1&#8243; line_reveal_by_space_text_effect=&#8221;default&#8221; stagger_animation=&#8221;true&#8221; content_alignment=&#8221;default&#8221; mobile_content_alignment=&#8221;inherit&#8221; link_target=&#8221;_self&#8221; text_content=&#8221;Entegre Y\u00f6netim Sistemi Politikas\u0131&#8221; font_size=&#8221;10vh&#8221; animation_delay=&#8221;200&#8243;][\/split_line_heading][\/vc_column_inner][\/vc_row_inner][\/vc_column][\/vc_row][vc_row type=&#8221;in_container&#8221; full_screen_row_position=&#8221;middle&#8221; column_margin=&#8221;default&#8221; column_direction=&#8221;default&#8221; column_direction_tablet=&#8221;default&#8221; column_direction_phone=&#8221;default&#8221; scene_position=&#8221;center&#8221; text_color=&#8221;dark&#8221; text_align=&#8221;left&#8221; row_border_radius=&#8221;none&#8221; row_border_radius_applies=&#8221;bg&#8221; overflow=&#8221;visible&#8221; overlay_strength=&#8221;0.3&#8243; gradient_direction=&#8221;left_to_right&#8221; shape_divider_position=&#8221;bottom&#8221; bg_image_animation=&#8221;none&#8221;][vc_column column_padding=&#8221;no-extra-padding&#8221; column_padding_tablet=&#8221;inherit&#8221; column_padding_phone=&#8221;inherit&#8221; column_padding_position=&#8221;all&#8221; column_element_direction_desktop=&#8221;default&#8221; column_element_spacing=&#8221;default&#8221; desktop_text_alignment=&#8221;default&#8221; tablet_text_alignment=&#8221;default&#8221; phone_text_alignment=&#8221;default&#8221; background_color_opacity=&#8221;1&#8243; background_hover_color_opacity=&#8221;1&#8243; column_backdrop_filter=&#8221;none&#8221; column_shadow=&#8221;none&#8221; column_border_radius=&#8221;none&#8221; column_link_target=&#8221;_self&#8221; column_position=&#8221;default&#8221; gradient_direction=&#8221;left_to_right&#8221; overlay_strength=&#8221;0.3&#8243; width=&#8221;1\/1&#8243; tablet_width_inherit=&#8221;default&#8221; animation_type=&#8221;default&#8221; bg_image_animation=&#8221;none&#8221; border_type=&#8221;simple&#8221; column_border_width=&#8221;none&#8221; column_border_style=&#8221;solid&#8221;][vc_column_text]\n<p>SmartMessage olarak birbiriyle ili\u015fkili deneyimler sunarak, yeni kanallar ekleyerek pazarlama ve ileti\u015fim stratejilerini geli\u015ftirerek d\u00fcnyan\u0131n \u00f6nde gelen kurulu\u015flar\u0131na, de\u011fi\u015fen i\u015f ortamlar\u0131na ve m\u00fc\u015fteri beklentilerine yan\u0131t olmas\u0131 i\u00e7in d\u00f6n\u00fc\u015f\u00fcm s\u00fcre\u00e7lerinde etkin olarak yer almak vizyonu \u0131\u015f\u0131\u011f\u0131nda olu\u015fturdu\u011fumuz s\u00fcrekli iyile\u015ftirme ilkesini temel alan \u201cEntegre Y\u00f6netim Sistemi\u201d politikam\u0131z a\u015fa\u011f\u0131da ifade edilmi\u015ftir:<\/p>\n<p>Kalite Y\u00f6netim Sistemi kapsam\u0131nda;<\/p>\n<p>\u00b7 Faaliyetlerimizde ISO 9001 standard\u0131n\u0131n \u015fartlar\u0131na uymay\u0131,<\/p>\n<p>\u00b7 Faaliyet g\u00f6sterdi\u011fimiz ulusal ve uluslararas\u0131 pazarlarda m\u00fc\u015fteri ihtiya\u00e7 ve beklentilerini kar\u015f\u0131layacak \u015fekilde hizmet vermeyi,<\/p>\n<p>\u00b7 M\u00fc\u015fterilerimiz ve payda\u015flar\u0131m\u0131z i\u00e7in katma de\u011feri s\u00fcrekli artt\u0131rmay\u0131,<\/p>\n<p>\u00b7 Hizmet verdi\u011fimiz t\u00fcm pazarlarda yasal ve di\u011fer y\u00fck\u00fcml\u00fcl\u00fcklere uymay\u0131,<\/p>\n<p>\u00b7 Faaliyetlerimizde m\u00fc\u015fteri memnuniyetini i\u00e7in etkili ileti\u015fim tekniklerini kullanarak verimli \u00e7al\u0131\u015fmay\u0131,<\/p>\n<p>Bilgi G\u00fcvenli\u011fi ve Gizlilik Y\u00f6netim Sistemi kapsam\u0131nda;<\/p>\n<p>\u00b7 Faaliyetlerimizde ISO 27001 ve ISO 27701 standartlar\u0131n\u0131n \u015fartlar\u0131na uymay\u0131,<\/p>\n<p>\u00b7 Bilginin ve ki\u015fisel verinin toplanmas\u0131, raporlanmas\u0131, payla\u015f\u0131lmas\u0131 ve i\u015flenmesi faaliyetlerinde, bilgiyi ve ki\u015fisel veriyi gizlilik, b\u00fct\u00fcnl\u00fck ve eri\u015filebilirlik a\u00e7\u0131lar\u0131ndan sistematik bir \u015fekilde de\u011ferlendirerek i\u00e7eriden veya d\u0131\u015far\u0131dan kas\u0131tl\u0131 veya kas\u0131ts\u0131z olu\u015fabilecek t\u00fcm tehditlerden korumay\u0131,<\/p>\n<p>\u00b7 Bilgi g\u00fcvenli\u011fi ve gizlilik ile ilgili y\u00fck\u00fcml\u00fc oldu\u011fumuz ulusal ve uluslararas\u0131 yasal ve di\u011fer \u015fartlara uymay\u0131,<\/p>\n<p>\u00b7 Bilgi g\u00fcvenli\u011fini ve gizlili\u011fini sa\u011flamak amac\u0131 ile belirledi\u011fimiz hedeflere ula\u015fmak i\u00e7in gerekli kayna\u011f\u0131 sa\u011flamay\u0131,<\/p>\n<p>\u0130\u015f S\u00fcreklili\u011fi Y\u00f6netim Sistemi kapsam\u0131nda;<\/p>\n<p>\u00b7 Faaliyetlerimizde ISO 22301 standartlar\u0131n\u0131n \u015fartlar\u0131na uymay\u0131,<\/p>\n<p>\u00b7 Bir olay an\u0131nda firmam\u0131zda bulunan \u00e7al\u0131\u015fanlar\u0131n\u0131n ve y\u00f6neticileri ile ziyaret\u00e7ilerin g\u00fcvenlik ve sa\u011fl\u0131klar\u0131n\u0131 korumay\u0131,<\/p>\n<p>\u00b7 Herhangi bir olay ya da aksakl\u0131\u011f\u0131n etkilerimi \u0130\u015f etki analizleri i\u00e7erisinde beyan edilen etki tolerans seviyeleri alt\u0131nda kalacak \u015fekilde en aza indirgemeyi,<\/p>\n<p>\u00b7 Olay ya da aksakl\u0131klarla ilgili her t\u00fcrl\u00fc finansal maliyeti, firmam\u0131z\u0131n sigortalar\u0131 taraf\u0131ndan kar\u015f\u0131lanacak seviyelerde korumay\u0131,<\/p>\n<p>\u00b7 Firmam\u0131z\u0131n g\u00fcvenilir ve sa\u011flam bir tedarik\u00e7i ve servis sa\u011flay\u0131c\u0131 olarak itibar\u0131n\u0131 korumay\u0131 ve herhangi bir aksakl\u0131\u011f\u0131n ard\u0131ndan, azalat\u0131c\u0131 ve d\u00fczeltici faaliyetlerle, i\u015flerimizin olumsuz y\u00f6nde etkilenmemesini sa\u011flamay\u0131,<\/p>\n<p>\u00b7 Herhangi bir olay ya da aksakl\u0131k s\u0131ras\u0131nda veya ard\u0131ndan, firmam\u0131z\u0131n markas\u0131n\u0131 ve imaj\u0131n\u0131 korumay\u0131,<\/p>\n<p>Sekt\u00f6r\u00fcm\u00fczde m\u00fc\u015fteri talep ve beklentileri do\u011frultusunda kurulum, \u00f6zelle\u015ftirme hizmetleri, dijital hizmetler, destek hizmetleri ve ula\u015f\u0131labilirlik alanlar\u0131nda \u00e7\u00f6z\u00fcmler geli\u015ftirerek bu \u00e7\u00f6z\u00fcmleri m\u00fc\u015fteri ihtiyac\u0131na g\u00f6re \u00f6zelle\u015ftirip s\u00fcrekli geli\u015fme ve iyile\u015ftirmeyi sa\u011flayaca\u011f\u0131m\u0131z\u0131 taahh\u00fct ederiz.[\/vc_column_text][\/vc_column][\/vc_row]\n","protected":false},"excerpt":{"rendered":"<p>[vc_row type=&#8221;full_width_background&#8221; full_screen_row_position=&#8221;middle&#8221; column_margin=&#8221;none&#8221; column_direction=&#8221;default&#8221; column_direction_tablet=&#8221;default&#8221; column_direction_phone=&#8221;default&#8221; bg_color=&#8221;#d8272f&#8221; animated_gradient_bg=&#8221;true&#8221; animated_gradient_bg_color_1=&#8221;#333333&#8243; animated_gradient_bg_speed=&#8221;1300&#8243; animated_gradient_bg_blending_mode=&#8221;linear&#8221; scene_position=&#8221;center&#8221; top_padding=&#8221;5%&#8221; constrain_group_1=&#8221;yes&#8221;&#8230;<\/p>\n","protected":false},"author":3,"featured_media":0,"parent":0,"menu_order":0,"comment_status":"closed","ping_status":"closed","template":"","meta":{"content-type":"","footnotes":""},"class_list":["post-40751","page","type-page","status-publish"],"yoast_head":"<!-- This site is optimized with the Yoast SEO plugin v24.2 - https:\/\/yoast.com\/wordpress\/plugins\/seo\/ -->\n<title>Entegre Y\u00f6netim Sistemi Politikas\u0131 | SmartMessage<\/title>\n<meta name=\"description\" content=\"Entegre Y\u00f6netim Sistemi Politikas\u0131 i\u00e7in sitemizi ziyaret edin!\" \/>\n<meta name=\"robots\" content=\"index, follow, max-snippet:-1, max-image-preview:large, max-video-preview:-1\" \/>\n<link rel=\"canonical\" href=\"https:\/\/smartmessage.com\/tr\/entegre-yonetim-sistemi-politikasi\/\" \/>\n<meta property=\"og:locale\" content=\"tr_TR\" \/>\n<meta property=\"og:type\" content=\"article\" \/>\n<meta property=\"og:title\" content=\"Entegre Y\u00f6netim Sistemi Politikas\u0131 | SmartMessage\" \/>\n<meta property=\"og:description\" content=\"Entegre Y\u00f6netim Sistemi Politikas\u0131 i\u00e7in sitemizi ziyaret edin!\" \/>\n<meta property=\"og:url\" content=\"https:\/\/smartmessage.com\/tr\/entegre-yonetim-sistemi-politikasi\/\" \/>\n<meta property=\"og:site_name\" content=\"SmartMessage\" \/>\n<meta property=\"article:modified_time\" content=\"2023-10-02T13:13:48+00:00\" \/>\n<meta name=\"twitter:card\" content=\"summary_large_image\" \/>\n<meta name=\"twitter:label1\" content=\"Tahmini okuma s\u00fcresi\" \/>\n\t<meta name=\"twitter:data1\" content=\"3 dakika\" \/>\n<script type=\"application\/ld+json\" class=\"yoast-schema-graph\">{\"@context\":\"https:\/\/schema.org\",\"@graph\":[{\"@type\":\"WebPage\",\"@id\":\"https:\/\/smartmessage.com\/tr\/entegre-yonetim-sistemi-politikasi\/\",\"url\":\"https:\/\/smartmessage.com\/tr\/entegre-yonetim-sistemi-politikasi\/\",\"name\":\"Entegre Y\u00f6netim Sistemi Politikas\u0131 | SmartMessage\",\"isPartOf\":{\"@id\":\"https:\/\/smartmessage.com\/#website\"},\"datePublished\":\"2023-10-02T13:04:38+00:00\",\"dateModified\":\"2023-10-02T13:13:48+00:00\",\"description\":\"Entegre Y\u00f6netim Sistemi Politikas\u0131 i\u00e7in sitemizi ziyaret edin!\",\"breadcrumb\":{\"@id\":\"https:\/\/smartmessage.com\/tr\/entegre-yonetim-sistemi-politikasi\/#breadcrumb\"},\"inLanguage\":\"tr\",\"potentialAction\":[{\"@type\":\"ReadAction\",\"target\":[\"https:\/\/smartmessage.com\/tr\/entegre-yonetim-sistemi-politikasi\/\"]}]},{\"@type\":\"BreadcrumbList\",\"@id\":\"https:\/\/smartmessage.com\/tr\/entegre-yonetim-sistemi-politikasi\/#breadcrumb\",\"itemListElement\":[{\"@type\":\"ListItem\",\"position\":1,\"name\":\"Home\",\"item\":\"https:\/\/smartmessage.com\/tr\/\"},{\"@type\":\"ListItem\",\"position\":2,\"name\":\"Entegre Y\u00f6netim Sistemi Politikas\u0131\"}]},{\"@type\":\"WebSite\",\"@id\":\"https:\/\/smartmessage.com\/#website\",\"url\":\"https:\/\/smartmessage.com\/\",\"name\":\"SmartMessage\",\"description\":\"Omnichannel Marketing and Customer Experience\",\"publisher\":{\"@id\":\"https:\/\/smartmessage.com\/#organization\"},\"potentialAction\":[{\"@type\":\"SearchAction\",\"target\":{\"@type\":\"EntryPoint\",\"urlTemplate\":\"https:\/\/smartmessage.com\/?s={search_term_string}\"},\"query-input\":{\"@type\":\"PropertyValueSpecification\",\"valueRequired\":true,\"valueName\":\"search_term_string\"}}],\"inLanguage\":\"tr\"},{\"@type\":\"Organization\",\"@id\":\"https:\/\/smartmessage.com\/#organization\",\"name\":\"SmartMessage\",\"url\":\"https:\/\/smartmessage.com\/\",\"logo\":{\"@type\":\"ImageObject\",\"inLanguage\":\"tr\",\"@id\":\"https:\/\/smartmessage.com\/#\/schema\/logo\/image\/\",\"url\":\"https:\/\/smartmessage.com\/wp-content\/uploads\/2023\/02\/smartmessage-logo-white.png\",\"contentUrl\":\"https:\/\/smartmessage.com\/wp-content\/uploads\/2023\/02\/smartmessage-logo-white.png\",\"width\":2000,\"height\":499,\"caption\":\"SmartMessage\"},\"image\":{\"@id\":\"https:\/\/smartmessage.com\/#\/schema\/logo\/image\/\"}}]}<\/script>\n<!-- \/ Yoast SEO plugin. -->","yoast_head_json":{"title":"Entegre Y\u00f6netim Sistemi Politikas\u0131 | SmartMessage","description":"Entegre Y\u00f6netim Sistemi Politikas\u0131 i\u00e7in sitemizi ziyaret edin!","robots":{"index":"index","follow":"follow","max-snippet":"max-snippet:-1","max-image-preview":"max-image-preview:large","max-video-preview":"max-video-preview:-1"},"canonical":"https:\/\/smartmessage.com\/tr\/entegre-yonetim-sistemi-politikasi\/","og_locale":"tr_TR","og_type":"article","og_title":"Entegre Y\u00f6netim Sistemi Politikas\u0131 | SmartMessage","og_description":"Entegre Y\u00f6netim Sistemi Politikas\u0131 i\u00e7in sitemizi ziyaret edin!","og_url":"https:\/\/smartmessage.com\/tr\/entegre-yonetim-sistemi-politikasi\/","og_site_name":"SmartMessage","article_modified_time":"2023-10-02T13:13:48+00:00","twitter_card":"summary_large_image","twitter_misc":{"Tahmini okuma s\u00fcresi":"3 dakika"},"schema":{"@context":"https:\/\/schema.org","@graph":[{"@type":"WebPage","@id":"https:\/\/smartmessage.com\/tr\/entegre-yonetim-sistemi-politikasi\/","url":"https:\/\/smartmessage.com\/tr\/entegre-yonetim-sistemi-politikasi\/","name":"Entegre Y\u00f6netim Sistemi Politikas\u0131 | SmartMessage","isPartOf":{"@id":"https:\/\/smartmessage.com\/#website"},"datePublished":"2023-10-02T13:04:38+00:00","dateModified":"2023-10-02T13:13:48+00:00","description":"Entegre Y\u00f6netim Sistemi Politikas\u0131 i\u00e7in sitemizi ziyaret edin!","breadcrumb":{"@id":"https:\/\/smartmessage.com\/tr\/entegre-yonetim-sistemi-politikasi\/#breadcrumb"},"inLanguage":"tr","potentialAction":[{"@type":"ReadAction","target":["https:\/\/smartmessage.com\/tr\/entegre-yonetim-sistemi-politikasi\/"]}]},{"@type":"BreadcrumbList","@id":"https:\/\/smartmessage.com\/tr\/entegre-yonetim-sistemi-politikasi\/#breadcrumb","itemListElement":[{"@type":"ListItem","position":1,"name":"Home","item":"https:\/\/smartmessage.com\/tr\/"},{"@type":"ListItem","position":2,"name":"Entegre Y\u00f6netim Sistemi Politikas\u0131"}]},{"@type":"WebSite","@id":"https:\/\/smartmessage.com\/#website","url":"https:\/\/smartmessage.com\/","name":"SmartMessage","description":"Omnichannel Marketing and Customer Experience","publisher":{"@id":"https:\/\/smartmessage.com\/#organization"},"potentialAction":[{"@type":"SearchAction","target":{"@type":"EntryPoint","urlTemplate":"https:\/\/smartmessage.com\/?s={search_term_string}"},"query-input":{"@type":"PropertyValueSpecification","valueRequired":true,"valueName":"search_term_string"}}],"inLanguage":"tr"},{"@type":"Organization","@id":"https:\/\/smartmessage.com\/#organization","name":"SmartMessage","url":"https:\/\/smartmessage.com\/","logo":{"@type":"ImageObject","inLanguage":"tr","@id":"https:\/\/smartmessage.com\/#\/schema\/logo\/image\/","url":"https:\/\/smartmessage.com\/wp-content\/uploads\/2023\/02\/smartmessage-logo-white.png","contentUrl":"https:\/\/smartmessage.com\/wp-content\/uploads\/2023\/02\/smartmessage-logo-white.png","width":2000,"height":499,"caption":"SmartMessage"},"image":{"@id":"https:\/\/smartmessage.com\/#\/schema\/logo\/image\/"}}]}},"_links":{"self":[{"href":"https:\/\/smartmessage.com\/tr\/wp-json\/wp\/v2\/pages\/40751","targetHints":{"allow":["GET"]}}],"collection":[{"href":"https:\/\/smartmessage.com\/tr\/wp-json\/wp\/v2\/pages"}],"about":[{"href":"https:\/\/smartmessage.com\/tr\/wp-json\/wp\/v2\/types\/page"}],"author":[{"embeddable":true,"href":"https:\/\/smartmessage.com\/tr\/wp-json\/wp\/v2\/users\/3"}],"replies":[{"embeddable":true,"href":"https:\/\/smartmessage.com\/tr\/wp-json\/wp\/v2\/comments?post=40751"}],"version-history":[{"count":8,"href":"https:\/\/smartmessage.com\/tr\/wp-json\/wp\/v2\/pages\/40751\/revisions"}],"predecessor-version":[{"id":40761,"href":"https:\/\/smartmessage.com\/tr\/wp-json\/wp\/v2\/pages\/40751\/revisions\/40761"}],"wp:attachment":[{"href":"https:\/\/smartmessage.com\/tr\/wp-json\/wp\/v2\/media?parent=40751"}],"curies":[{"name":"wp","href":"https:\/\/api.w.org\/{rel}","templated":true}]}}